{"id":4467,"date":"2020-01-23T23:34:26","date_gmt":"2020-01-23T23:34:26","guid":{"rendered":"https:\/\/lineadoor.com.tr\/product\/aspen\/"},"modified":"2024-12-11T10:53:24","modified_gmt":"2024-12-11T10:53:24","slug":"aspen","status":"publish","type":"product","link":"https:\/\/lineadoor.com.tr\/tr\/urun\/aspen\/","title":{"rendered":"Aspen"},"content":{"rendered":"","protected":false},"excerpt":{"rendered":"<p>Aspen Serisini tan\u0131t\u0131yoruz: Do\u011fal kap\u0131 tasar\u0131m\u0131 sanat\u0131n\u0131n modern, estetik ve i\u015flevselli\u011fin zirvesiyle bulu\u015ftu\u011fu yerdesiniz. Bu kap\u0131n\u0131n rengini, malzemesini \u00f6zelle\u015ftirme se\u00e7ene\u011finiz vard\u0131r. Bize ayr\u0131nt\u0131lar\u0131 verirseniz, size \u00f6zel resmi bir teklif g\u00f6nderebiliriz. Bize sadece bir a\u00e7\u0131klama ve yap\u0131lmas\u0131n\u0131 istedi\u011finiz kap\u0131n\u0131n bir resmini g\u00f6nderin. Sipari\u015f vermek i\u00e7in bizi arayabilirsiniz veya mail yoluyla bize ula\u015fabilirsiniz.    <\/p>\n<ul>\n<li><strong>Malzeme <\/strong>&#8211; Al\u00fcminyum, Cam<\/li>\n<li><strong>\u00c7ekme Kolu<\/strong> \u2013 Metal, ral 7016 renk, ebat: \u00f830 cm<\/li>\n<li><strong>Kap\u0131 Kilidi <\/strong>\u2013 Entegre eri\u015fim kontrol sistemi ve parmak izi okuyuculu motorlu elektronik kilit.<\/li>\n<li><strong>Kap\u0131 Giyotini<\/strong> \u2013 Ses emici, yang\u0131na dayan\u0131kl\u0131 ve duman kontrol standartlar\u0131na uygun kap\u0131lar i\u00e7in.<\/li>\n<li><strong>Maksimum Uygulanabilir Boyut<\/strong> \u2013 2000x4000mm (Daha b\u00fcy\u00fck \u00f6l\u00e7\u00fcler talebe g\u00f6re de\u011ferlendirilebilir.)<\/li>\n<li><strong>Yal\u0131t\u0131m<\/strong> \u2013 Is\u0131 bariyeri \u00e7er\u00e7eve ve conta.<\/li>\n<\/ul>\n","protected":false},"featured_media":3906,"template":"","meta":[],"product_brand":[],"product_cat":[152],"product_tag":[],"class_list":{"0":"post-4467","1":"product","2":"type-product","3":"status-publish","4":"has-post-thumbnail","6":"product_cat-cam-kapi","8":"first","9":"instock","10":"shipping-taxable","11":"product-type-external"},"yoast_head":"<!-- This site is optimized with the Yoast SEO plugin v27.6 - https:\/\/yoast.com\/product\/yoast-seo-wordpress\/ -->\n<title>Aspen - Linea Door<\/title>\n<meta name=\"robots\" content=\"index, follow, max-snippet:-1, max-image-preview:large, max-video-preview:-1\" \/>\n<link rel=\"canonical\" href=\"https:\/\/lineadoor.com.tr\/tr\/urun\/aspen\/\" \/>\n<meta property=\"og:locale\" content=\"tr_TR\" \/>\n<meta property=\"og:type\" content=\"article\" \/>\n<meta property=\"og:title\" content=\"Aspen - Linea Door\" \/>\n<meta property=\"og:description\" content=\"Aspen Serisini tan\u0131t\u0131yoruz: Do\u011fal kap\u0131 tasar\u0131m\u0131 sanat\u0131n\u0131n modern, estetik ve i\u015flevselli\u011fin zirvesiyle bulu\u015ftu\u011fu yerdesiniz. Bu kap\u0131n\u0131n rengini, malzemesini \u00f6zelle\u015ftirme se\u00e7ene\u011finiz vard\u0131r. Bize ayr\u0131nt\u0131lar\u0131 verirseniz, size \u00f6zel resmi bir teklif g\u00f6nderebiliriz. Bize sadece bir a\u00e7\u0131klama ve yap\u0131lmas\u0131n\u0131 istedi\u011finiz kap\u0131n\u0131n bir resmini g\u00f6nderin. Sipari\u015f vermek i\u00e7in bizi arayabilirsiniz veya mail yoluyla bize ula\u015fabilirsiniz.    Malzeme - Al\u00fcminyum, Cam  \u00c7ekme Kolu \u2013 Metal, ral 7016 renk, ebat: \u00f830 cm  Kap\u0131 Kilidi \u2013 Entegre eri\u015fim kontrol sistemi ve parmak izi okuyuculu motorlu elektronik kilit.  Kap\u0131 Giyotini \u2013 Ses emici, yang\u0131na dayan\u0131kl\u0131 ve duman kontrol standartlar\u0131na uygun kap\u0131lar i\u00e7in.  Maksimum Uygulanabilir Boyut \u2013 2000x4000mm (Daha b\u00fcy\u00fck \u00f6l\u00e7\u00fcler talebe g\u00f6re de\u011ferlendirilebilir.)  Yal\u0131t\u0131m \u2013 Is\u0131 bariyeri \u00e7er\u00e7eve ve conta.\" \/>\n<meta property=\"og:url\" content=\"https:\/\/lineadoor.com.tr\/tr\/urun\/aspen\/\" \/>\n<meta property=\"og:site_name\" content=\"Linea Door\" \/>\n<meta property=\"article:modified_time\" content=\"2024-12-11T10:53:24+00:00\" \/>\n<meta property=\"og:image\" content=\"https:\/\/lineadoor.com.tr\/wp-content\/uploads\/2020\/01\/Aspen-scaled.webp\" \/>\n\t<meta property=\"og:image:width\" content=\"2560\" \/>\n\t<meta property=\"og:image:height\" content=\"2560\" \/>\n\t<meta property=\"og:image:type\" content=\"image\/webp\" \/>\n<meta name=\"twitter:card\" content=\"summary_large_image\" \/>\n<meta name=\"twitter:label1\" content=\"Fiyat\" \/>\n\t<meta name=\"twitter:data1\" content=\"\" \/>\n\t<meta name=\"twitter:label2\" content=\"Durumu\" \/>\n\t<meta name=\"twitter:data2\" content=\"Stokta var\" \/>\n<script type=\"application\/ld+json\" class=\"yoast-schema-graph\">{\"@context\":\"https:\\\/\\\/schema.org\",\"@graph\":[{\"@type\":\"WebPage\",\"@id\":\"https:\\\/\\\/lineadoor.com.tr\\\/tr\\\/urun\\\/aspen\\\/\",\"url\":\"https:\\\/\\\/lineadoor.com.tr\\\/tr\\\/urun\\\/aspen\\\/\",\"name\":\"Aspen - Linea Door\",\"isPartOf\":{\"@id\":\"https:\\\/\\\/lineadoor.com.tr\\\/#website\"},\"primaryImageOfPage\":{\"@id\":\"https:\\\/\\\/lineadoor.com.tr\\\/tr\\\/urun\\\/aspen\\\/#primaryimage\"},\"image\":{\"@id\":\"https:\\\/\\\/lineadoor.com.tr\\\/tr\\\/urun\\\/aspen\\\/#primaryimage\"},\"thumbnailUrl\":\"https:\\\/\\\/lineadoor.com.tr\\\/wp-content\\\/uploads\\\/2020\\\/01\\\/Aspen-scaled.webp\",\"datePublished\":\"2020-01-23T23:34:26+00:00\",\"dateModified\":\"2024-12-11T10:53:24+00:00\",\"breadcrumb\":{\"@id\":\"https:\\\/\\\/lineadoor.com.tr\\\/tr\\\/urun\\\/aspen\\\/#breadcrumb\"},\"inLanguage\":\"tr\",\"potentialAction\":[{\"@type\":\"ReadAction\",\"target\":[\"https:\\\/\\\/lineadoor.com.tr\\\/tr\\\/urun\\\/aspen\\\/\"]}]},{\"@type\":\"ImageObject\",\"inLanguage\":\"tr\",\"@id\":\"https:\\\/\\\/lineadoor.com.tr\\\/tr\\\/urun\\\/aspen\\\/#primaryimage\",\"url\":\"https:\\\/\\\/lineadoor.com.tr\\\/wp-content\\\/uploads\\\/2020\\\/01\\\/Aspen-scaled.webp\",\"contentUrl\":\"https:\\\/\\\/lineadoor.com.tr\\\/wp-content\\\/uploads\\\/2020\\\/01\\\/Aspen-scaled.webp\",\"width\":2560,\"height\":2560},{\"@type\":\"BreadcrumbList\",\"@id\":\"https:\\\/\\\/lineadoor.com.tr\\\/tr\\\/urun\\\/aspen\\\/#breadcrumb\",\"itemListElement\":[{\"@type\":\"ListItem\",\"position\":1,\"name\":\"Home\",\"item\":\"https:\\\/\\\/lineadoor.com.tr\\\/tr\\\/home\\\/\"},{\"@type\":\"ListItem\",\"position\":2,\"name\":\"Shop with Sidebar\",\"item\":\"https:\\\/\\\/lineadoor.com.tr\\\/?page_id=919\"},{\"@type\":\"ListItem\",\"position\":3,\"name\":\"Aspen\"}]},{\"@type\":\"WebSite\",\"@id\":\"https:\\\/\\\/lineadoor.com.tr\\\/#website\",\"url\":\"https:\\\/\\\/lineadoor.com.tr\\\/\",\"name\":\"Linea Door\",\"description\":\"Natural Pivot Door Company\",\"publisher\":{\"@id\":\"https:\\\/\\\/lineadoor.com.tr\\\/#organization\"},\"alternateName\":\"Lineadoor\",\"potentialAction\":[{\"@type\":\"SearchAction\",\"target\":{\"@type\":\"EntryPoint\",\"urlTemplate\":\"https:\\\/\\\/lineadoor.com.tr\\\/?s={search_term_string}\"},\"query-input\":{\"@type\":\"PropertyValueSpecification\",\"valueRequired\":true,\"valueName\":\"search_term_string\"}}],\"inLanguage\":\"tr\"},{\"@type\":\"Organization\",\"@id\":\"https:\\\/\\\/lineadoor.com.tr\\\/#organization\",\"name\":\"Linea Door\",\"url\":\"https:\\\/\\\/lineadoor.com.tr\\\/\",\"logo\":{\"@type\":\"ImageObject\",\"inLanguage\":\"tr\",\"@id\":\"https:\\\/\\\/lineadoor.com.tr\\\/#\\\/schema\\\/logo\\\/image\\\/\",\"url\":\"https:\\\/\\\/lineadoor.com.tr\\\/wp-content\\\/uploads\\\/2024\\\/11\\\/Lineadoor_logo_3.svg\",\"contentUrl\":\"https:\\\/\\\/lineadoor.com.tr\\\/wp-content\\\/uploads\\\/2024\\\/11\\\/Lineadoor_logo_3.svg\",\"width\":278,\"height\":129,\"caption\":\"Linea Door\"},\"image\":{\"@id\":\"https:\\\/\\\/lineadoor.com.tr\\\/#\\\/schema\\\/logo\\\/image\\\/\"},\"sameAs\":[\"https:\\\/\\\/www.instagram.com\\\/lineadoor\\\/\"]}]}<\/script>\n<meta property=\"product:price:currency\" content=\"TRY\" \/>\n<meta property=\"og:availability\" content=\"instock\" \/>\n<meta property=\"product:availability\" content=\"instock\" \/>\n<meta property=\"product:retailer_item_id\" content=\"07\" \/>\n<meta property=\"product:condition\" content=\"new\" \/>\n<!-- \/ Yoast SEO plugin. -->","yoast_head_json":{"title":"Aspen - Linea Door","robots":{"index":"index","follow":"follow","max-snippet":"max-snippet:-1","max-image-preview":"max-image-preview:large","max-video-preview":"max-video-preview:-1"},"canonical":"https:\/\/lineadoor.com.tr\/tr\/urun\/aspen\/","og_locale":"tr_TR","og_type":"article","og_title":"Aspen - Linea Door","og_description":"Aspen Serisini tan\u0131t\u0131yoruz: Do\u011fal kap\u0131 tasar\u0131m\u0131 sanat\u0131n\u0131n modern, estetik ve i\u015flevselli\u011fin zirvesiyle bulu\u015ftu\u011fu yerdesiniz. Bu kap\u0131n\u0131n rengini, malzemesini \u00f6zelle\u015ftirme se\u00e7ene\u011finiz vard\u0131r. Bize ayr\u0131nt\u0131lar\u0131 verirseniz, size \u00f6zel resmi bir teklif g\u00f6nderebiliriz. Bize sadece bir a\u00e7\u0131klama ve yap\u0131lmas\u0131n\u0131 istedi\u011finiz kap\u0131n\u0131n bir resmini g\u00f6nderin. Sipari\u015f vermek i\u00e7in bizi arayabilirsiniz veya mail yoluyla bize ula\u015fabilirsiniz.    Malzeme - Al\u00fcminyum, Cam  \u00c7ekme Kolu \u2013 Metal, ral 7016 renk, ebat: \u00f830 cm  Kap\u0131 Kilidi \u2013 Entegre eri\u015fim kontrol sistemi ve parmak izi okuyuculu motorlu elektronik kilit.  Kap\u0131 Giyotini \u2013 Ses emici, yang\u0131na dayan\u0131kl\u0131 ve duman kontrol standartlar\u0131na uygun kap\u0131lar i\u00e7in.  Maksimum Uygulanabilir Boyut \u2013 2000x4000mm (Daha b\u00fcy\u00fck \u00f6l\u00e7\u00fcler talebe g\u00f6re de\u011ferlendirilebilir.)  Yal\u0131t\u0131m \u2013 Is\u0131 bariyeri \u00e7er\u00e7eve ve conta.","og_url":"https:\/\/lineadoor.com.tr\/tr\/urun\/aspen\/","og_site_name":"Linea Door","article_modified_time":"2024-12-11T10:53:24+00:00","og_image":[{"width":2560,"height":2560,"url":"https:\/\/lineadoor.com.tr\/wp-content\/uploads\/2020\/01\/Aspen-scaled.webp","type":"image\/webp"}],"twitter_card":"summary_large_image","twitter_misc":{"Fiyat":"","Durumu":"Stokta var"},"schema":{"@context":"https:\/\/schema.org","@graph":[{"@type":"WebPage","@id":"https:\/\/lineadoor.com.tr\/tr\/urun\/aspen\/","url":"https:\/\/lineadoor.com.tr\/tr\/urun\/aspen\/","name":"Aspen - Linea Door","isPartOf":{"@id":"https:\/\/lineadoor.com.tr\/#website"},"primaryImageOfPage":{"@id":"https:\/\/lineadoor.com.tr\/tr\/urun\/aspen\/#primaryimage"},"image":{"@id":"https:\/\/lineadoor.com.tr\/tr\/urun\/aspen\/#primaryimage"},"thumbnailUrl":"https:\/\/lineadoor.com.tr\/wp-content\/uploads\/2020\/01\/Aspen-scaled.webp","datePublished":"2020-01-23T23:34:26+00:00","dateModified":"2024-12-11T10:53:24+00:00","breadcrumb":{"@id":"https:\/\/lineadoor.com.tr\/tr\/urun\/aspen\/#breadcrumb"},"inLanguage":"tr","potentialAction":[{"@type":"ReadAction","target":["https:\/\/lineadoor.com.tr\/tr\/urun\/aspen\/"]}]},{"@type":"ImageObject","inLanguage":"tr","@id":"https:\/\/lineadoor.com.tr\/tr\/urun\/aspen\/#primaryimage","url":"https:\/\/lineadoor.com.tr\/wp-content\/uploads\/2020\/01\/Aspen-scaled.webp","contentUrl":"https:\/\/lineadoor.com.tr\/wp-content\/uploads\/2020\/01\/Aspen-scaled.webp","width":2560,"height":2560},{"@type":"BreadcrumbList","@id":"https:\/\/lineadoor.com.tr\/tr\/urun\/aspen\/#breadcrumb","itemListElement":[{"@type":"ListItem","position":1,"name":"Home","item":"https:\/\/lineadoor.com.tr\/tr\/home\/"},{"@type":"ListItem","position":2,"name":"Shop with Sidebar","item":"https:\/\/lineadoor.com.tr\/?page_id=919"},{"@type":"ListItem","position":3,"name":"Aspen"}]},{"@type":"WebSite","@id":"https:\/\/lineadoor.com.tr\/#website","url":"https:\/\/lineadoor.com.tr\/","name":"Linea Door","description":"Natural Pivot Door Company","publisher":{"@id":"https:\/\/lineadoor.com.tr\/#organization"},"alternateName":"Lineadoor","potentialAction":[{"@type":"SearchAction","target":{"@type":"EntryPoint","urlTemplate":"https:\/\/lineadoor.com.tr\/?s={search_term_string}"},"query-input":{"@type":"PropertyValueSpecification","valueRequired":true,"valueName":"search_term_string"}}],"inLanguage":"tr"},{"@type":"Organization","@id":"https:\/\/lineadoor.com.tr\/#organization","name":"Linea Door","url":"https:\/\/lineadoor.com.tr\/","logo":{"@type":"ImageObject","inLanguage":"tr","@id":"https:\/\/lineadoor.com.tr\/#\/schema\/logo\/image\/","url":"https:\/\/lineadoor.com.tr\/wp-content\/uploads\/2024\/11\/Lineadoor_logo_3.svg","contentUrl":"https:\/\/lineadoor.com.tr\/wp-content\/uploads\/2024\/11\/Lineadoor_logo_3.svg","width":278,"height":129,"caption":"Linea Door"},"image":{"@id":"https:\/\/lineadoor.com.tr\/#\/schema\/logo\/image\/"},"sameAs":["https:\/\/www.instagram.com\/lineadoor\/"]}]},"product_price_currency":"TRY","og_availability":"instock","product_availability":"instock","product_retailer_item_id":"07","product_condition":"new"},"jetpack_sharing_enabled":true,"_links":{"self":[{"href":"https:\/\/lineadoor.com.tr\/tr\/wp-json\/wp\/v2\/product\/4467","targetHints":{"allow":["GET"]}}],"collection":[{"href":"https:\/\/lineadoor.com.tr\/tr\/wp-json\/wp\/v2\/product"}],"about":[{"href":"https:\/\/lineadoor.com.tr\/tr\/wp-json\/wp\/v2\/types\/product"}],"wp:featuredmedia":[{"embeddable":true,"href":"https:\/\/lineadoor.com.tr\/tr\/wp-json\/wp\/v2\/media\/3906"}],"wp:attachment":[{"href":"https:\/\/lineadoor.com.tr\/tr\/wp-json\/wp\/v2\/media?parent=4467"}],"wp:term":[{"taxonomy":"product_brand","embeddable":true,"href":"https:\/\/lineadoor.com.tr\/tr\/wp-json\/wp\/v2\/product_brand?post=4467"},{"taxonomy":"product_cat","embeddable":true,"href":"https:\/\/lineadoor.com.tr\/tr\/wp-json\/wp\/v2\/product_cat?post=4467"},{"taxonomy":"product_tag","embeddable":true,"href":"https:\/\/lineadoor.com.tr\/tr\/wp-json\/wp\/v2\/product_tag?post=4467"}],"curies":[{"name":"wp","href":"https:\/\/api.w.org\/{rel}","templated":true}]}}